{"id":1742,"date":"2023-04-10T07:40:32","date_gmt":"2023-04-10T07:40:32","guid":{"rendered":"https:\/\/apex-solar.de\/?page_id=1742"},"modified":"2024-05-31T05:54:41","modified_gmt":"2024-05-31T05:54:41","slug":"imprint-data-protection","status":"publish","type":"page","link":"https:\/\/apex-solar.de\/it\/imprint-data-protection\/","title":{"rendered":"Impressum e protezione dei dati"},"content":{"rendered":"<div data-elementor-type=\"wp-page\" data-elementor-id=\"1742\" class=\"elementor elementor-1742\" data-elementor-post-type=\"page\">\n\t\t\t\t\t\t<section data-particle_enable=\"false\" data-particle-mobile-disabled=\"false\" class=\"elementor-section elementor-top-section elementor-element elementor-element-6c80a7b elementor-section-boxed elementor-section-height-default elementor-section-height-default\" data-id=\"6c80a7b\" data-element_type=\"section\" data-e-type=\"section\">\n\t\t\t\t\t\t<div class=\"elementor-container elementor-column-gap-default\">\n\t\t\t\t\t<div class=\"elementor-column elementor-col-100 elementor-top-column elementor-element elementor-element-ab541a3\" data-id=\"ab541a3\" data-element_type=\"column\" data-e-type=\"column\">\n\t\t\t<div class=\"elementor-widget-wrap elementor-element-populated\">\n\t\t\t\t\t\t<div class=\"elementor-element elementor-element-0cecc05 elementor-widget elementor-widget-heading\" data-id=\"0cecc05\" data-element_type=\"widget\" data-e-type=\"widget\" data-widget_type=\"heading.default\">\n\t\t\t\t<div class=\"elementor-widget-container\">\n\t\t\t\t\t<h1 class=\"elementor-heading-title elementor-size-default\">Impronta Protezione dei dati<\/h1>\t\t\t\t<\/div>\n\t\t\t\t<\/div>\n\t\t\t\t<div class=\"elementor-element elementor-element-24d9dbc elementor-widget elementor-widget-heading\" data-id=\"24d9dbc\" data-element_type=\"widget\" data-e-type=\"widget\" data-widget_type=\"heading.default\">\n\t\t\t\t<div class=\"elementor-widget-container\">\n\t\t\t\t\t<h2 class=\"elementor-heading-title elementor-size-default\">Imprimimi<\/h2>\t\t\t\t<\/div>\n\t\t\t\t<\/div>\n\t\t\t\t<div class=\"elementor-element elementor-element-5807b00 elementor-widget elementor-widget-text-editor\" data-id=\"5807b00\" data-element_type=\"widget\" data-e-type=\"widget\" data-widget_type=\"text-editor.default\">\n\t\t\t\t<div class=\"elementor-widget-container\">\n\t\t\t\t\t\t\t\t\t<p>Informazioni secondo \u00a7 5 TMG<br \/>Contatto: Weinh\u00fctten 16 91330 Eggolsheim<br \/>Telefono: +49 0160-4602-608<br \/>E-Mail: service@apex-solarenergy.com<br \/>Responsabile del contenuto ai sensi del \u00a7 55 par. 2RSTV<br \/>Autorizzato a rappresentare: Yu Zhenzhen<br \/>Numero di identificazione IVA (partita IVA): DE359025007<br \/>Tribunale distrettuale di Duesseldorf, Germania<br \/>Disclaimer<br \/>Responsabilit\u00e0<br \/>per i contenuti Il contenuto del nostro sito web \u00e8 stato creato con la massima cura. Tuttavia, non possiamo garantire che il contenuto sia corretto, completo o aggiornato. In qualit\u00e0 di fornitore di servizi, siamo responsabili dei nostri contenuti su queste pagine ai sensi dell&#039;articolo 7, paragrafo 1 della legge tedesca sui media telematici (TMG). Ai sensi dei \u00a7\u00a7 8-10 TMG, tuttavia, in qualit\u00e0 di fornitore di servizi non siamo obbligati a monitorare le informazioni di terzi trasmesse o memorizzate o a indagare su circostanze che indicano un&#039;attivit\u00e0 illegale. Gli obblighi di rimuovere o bloccare l&#039;uso delle informazioni secondo le leggi generali rimangono inalterati. Tuttavia, la responsabilit\u00e0 in tal senso \u00e8 possibile solo dal momento in cui si viene a conoscenza di una concreta violazione della legge. Non appena verremo a conoscenza di eventuali violazioni della legge, rimuoveremo immediatamente questo contenuto. Responsabilit\u00e0 per i collegamenti. La nostra offerta contiene collegamenti a siti Web esterni di terzi, sui cui contenuti non abbiamo alcuna influenza. Pertanto non possiamo assumerci alcuna responsabilit\u00e0 per questo contenuto esterno. Il rispettivo fornitore o gestore delle pagine \u00e8 sempre responsabile del contenuto delle pagine collegate. Le pagine collegate sono state controllate per eventuali violazioni legali al momento del collegamento. I contenuti illegali non erano riconoscibili al momento del collegamento. Tuttavia, un controllo permanente del contenuto delle pagine collegate non \u00e8 ragionevole senza prove concrete di una violazione. Non appena veniamo a conoscenza di violazioni legali, rimuoveremo immediatamente tali collegamenti. La nostra offerta contiene collegamenti a siti Web esterni di terzi, sui cui contenuti non abbiamo alcuna influenza. Pertanto non possiamo assumerci alcuna responsabilit\u00e0 per questo contenuto esterno. Il rispettivo fornitore o gestore delle pagine \u00e8 sempre responsabile del contenuto delle pagine collegate. Le pagine collegate sono state controllate per eventuali violazioni legali al momento del collegamento. I contenuti illegali non erano riconoscibili al momento del collegamento. Tuttavia, un controllo permanente del contenuto delle pagine collegate non \u00e8 ragionevole senza prove concrete di una violazione. Non appena veniamo a conoscenza di violazioni legali, rimuoveremo immediatamente tali collegamenti. La nostra offerta contiene collegamenti a siti Web esterni di terzi, sui cui contenuti non abbiamo alcuna influenza. Pertanto non possiamo assumerci alcuna responsabilit\u00e0 per questo contenuto esterno. Il rispettivo fornitore o gestore delle pagine \u00e8 sempre responsabile del contenuto delle pagine collegate. Le pagine collegate sono state controllate per eventuali violazioni legali al momento del collegamento. I contenuti illegali non erano riconoscibili al momento del collegamento. Tuttavia, un controllo permanente del contenuto delle pagine collegate non \u00e8 ragionevole senza prove concrete di una violazione. Non appena veniamo a conoscenza di violazioni legali, rimuoveremo immediatamente tali collegamenti. Pertanto non possiamo assumerci alcuna responsabilit\u00e0 per questo contenuto esterno. Il rispettivo fornitore o gestore delle pagine \u00e8 sempre responsabile del contenuto delle pagine collegate. Le pagine collegate sono state controllate per eventuali violazioni legali al momento del collegamento. I contenuti illegali non erano riconoscibili al momento del collegamento. Tuttavia, un controllo permanente del contenuto delle pagine collegate non \u00e8 ragionevole senza prove concrete di una violazione. Non appena veniamo a conoscenza di violazioni legali, rimuoveremo immediatamente tali collegamenti. Pertanto non possiamo assumerci alcuna responsabilit\u00e0 per questo contenuto esterno. Il rispettivo fornitore o gestore delle pagine \u00e8 sempre responsabile del contenuto delle pagine collegate. Le pagine collegate sono state controllate per eventuali violazioni legali al momento del collegamento. I contenuti illegali non erano riconoscibili al momento del collegamento. Tuttavia, un controllo permanente del contenuto delle pagine collegate non \u00e8 ragionevole senza prove concrete di una violazione. Non appena veniamo a conoscenza di violazioni legali, rimuoveremo immediatamente tali collegamenti. I contenuti illegali non erano riconoscibili al momento del collegamento. Tuttavia, un controllo permanente del contenuto delle pagine collegate non \u00e8 ragionevole senza prove concrete di una violazione. Non appena veniamo a conoscenza di violazioni legali, rimuoveremo immediatamente tali collegamenti. I contenuti illegali non erano riconoscibili al momento del collegamento. Tuttavia, un controllo permanente del contenuto delle pagine collegate non \u00e8 ragionevole senza prove concrete di una violazione. Non appena veniamo a conoscenza di violazioni legali, rimuoveremo immediatamente tali collegamenti.<\/p><h3><strong><b>Protezione dati<\/b><\/strong><\/h3><h4>Privacy a colpo d&#039;occhio<\/h4><p><strong>informazioni generali<\/strong><\/p><p>Le seguenti note forniscono una semplice panoramica di ci\u00f2 che accade ai tuoi dati personali quando visiti il nostro sito web. I dati personali sono tutti i dati con i quali puoi essere identificato personalmente. Informazioni dettagliate sul tema della protezione dei dati sono disponibili nella nostra dichiarazione sulla protezione dei dati elencata sotto questo testo.<\/p><p><strong>Raccolta dati sul nostro sito web<\/strong><\/p><p>Chi \u00e8 responsabile della raccolta dei dati su questo sito Web?<br \/>Il trattamento dei dati su questo sito web \u00e8 effettuato dal gestore del sito web. Puoi trovare i loro dettagli di contatto nell&#039;impronta di questo sito web.<\/p><p>Come raccogliamo i tuoi dati?<br \/>Da un lato, i tuoi dati vengono raccolti quando ce li comunichi. Questi possono essere, ad esempio, dati che inserisci in un modulo di contatto. Altri dati vengono registrati automaticamente dai nostri sistemi informatici quando visitate il sito web. Si tratta principalmente di dati tecnici (ad es. browser Internet, sistema operativo o ora della chiamata alla pagina). Questi dati vengono raccolti automaticamente non appena si entra nel nostro sito web.<\/p><p>Per cosa utilizziamo i tuoi dati?<br \/>Parte dei dati viene raccolta per garantire che il sito web sia fornito senza errori. Altri dati possono essere utilizzati per analizzare il comportamento dell&#039;utente.<\/p><p>Quali diritti hai riguardo ai tuoi dati?<br \/>Hai il diritto di ricevere gratuitamente in qualsiasi momento informazioni sull&#039;origine, il destinatario e lo scopo dei tuoi dati personali memorizzati. Hai anche il diritto di richiedere la correzione, il blocco o la cancellazione di questi dati. Puoi contattarci in qualsiasi momento all&#039;indirizzo indicato nell&#039;impronta se hai ulteriori domande in materia di protezione dei dati. Hai anche il diritto di proporre reclamo all&#039;autorit\u00e0 di controllo competente.<\/p><p>Strumenti di analisi e strumenti di terze parti<br \/>Quando visiti il nostro sito web, il tuo comportamento di navigazione pu\u00f2 essere valutato statisticamente. Ci\u00f2 avviene principalmente con i cookie e i cosiddetti programmi di analisi. L&#039;analisi del tuo comportamento di navigazione \u00e8 solitamente anonima; il comportamento di navigazione non pu\u00f2 essere ricondotto a te. \u00c8 possibile opporsi a questa analisi o impedirla non utilizzando determinati strumenti. Troverete informazioni dettagliate al riguardo nella seguente dichiarazione sulla protezione dei dati.<br \/>Puoi opporti a questa analisi. Vi informeremo sulle possibilit\u00e0 di obiezione in questa dichiarazione sulla protezione dei dati.<\/p><h4>Informazioni generali e informazioni obbligatorie<\/h4><p><strong>Protezione dati<\/strong><\/p><p>Gli operatori di queste pagine prendono molto sul serio la protezione dei vostri dati personali. Trattiamo i tuoi dati personali in modo confidenziale e in conformit\u00e0 con le disposizioni di legge sulla protezione dei dati e la presente dichiarazione sulla protezione dei dati.<\/p><p>Se si utilizza questo sito Web, verranno raccolti vari dati personali. I dati personali sono dati con i quali potete essere identificati personalmente. Questa dichiarazione sulla protezione dei dati spiega quali dati raccogliamo e per cosa li utilizziamo. Spiega anche come e per quale scopo ci\u00f2 accade.<\/p><p>Vorremmo sottolineare che la trasmissione di dati su Internet (ad esempio quando si comunica via e-mail) pu\u00f2 presentare lacune di sicurezza. Una protezione completa dei dati contro l&#039;accesso da parte di terzi non \u00e8 possibile.<\/p><p><strong>Nota sull&#039;ente responsabile<\/strong><\/p><p>Il responsabile del trattamento dei dati su questo sito web \u00e8:<\/p><ul><li>Apex Solar Energy Technology GmbH<\/li><li>Weinh\u00fctten 16 91330 Eggolsheim<\/li><li>Telefono: +49 0160-4602-608 \/ +49 151-1405-8888<\/li><li>E-Mail: service@apex-solarenergy.com \/ cm@apex-solarenergy.com<\/li><\/ul><p><em>L&#039;organismo responsabile \u00e8 la persona fisica o giuridica che, da sola o insieme ad altri, decide in merito alle finalit\u00e0 e ai mezzi del trattamento dei dati personali (ad es. nomi, indirizzi e-mail, ecc.).<\/em><\/p><p><strong>Revoca del consenso al trattamento dei dati<\/strong><\/p><p>Molte operazioni di trattamento dei dati sono possibili solo con il tuo espresso consenso. Puoi revocare il consenso che hai gi\u00e0 dato in qualsiasi momento. \u00c8 sufficiente un messaggio informale via e-mail. La legalit\u00e0 del trattamento dei dati che ha avuto luogo fino alla revoca rimane inalterata dalla revoca.<\/p><p><strong>Diritto di ricorso all&#039;autorit\u00e0 di controllo competente<\/strong><\/p><p>In caso di violazione della normativa sulla protezione dei dati, l&#039;interessato ha il diritto di proporre reclamo all&#039;autorit\u00e0 di controllo competente. L&#039;autorit\u00e0 di controllo competente per le questioni relative alla protezione dei dati \u00e8 il responsabile statale per la protezione dei dati dello stato federale in cui ha sede la nostra azienda. Un elenco dei responsabili della protezione dei dati e dei loro recapiti \u00e8 disponibile al seguente link:\u00a0\u00a0<a href=\"https:\/\/www.bfdi.bund.de\/DE\/Infothek\/Anschriften_Links\/anschriften_links-node.html.\" target=\"_blank\" rel=\"noopener\">https:\/\/www.bfdi.bund.de\/DE\/Infothek\/Anschriften_Links\/anschriften_links-node.html.<\/a><\/p><p><strong>Diritto alla portabilit\u00e0 dei dati<\/strong><\/p><p>Hai il diritto di avere i dati che elaboriamo automaticamente sulla base del tuo consenso o in adempimento di un contratto consegnato a te o a terzi in un formato comune leggibile da una macchina. Se richiedi il trasferimento diretto dei dati a un&#039;altra persona responsabile, ci\u00f2 avverr\u00e0 solo nella misura in cui sia tecnicamente fattibile.<\/p><p><strong>Crittografia SSL o TLS<\/strong><\/p><p>Per motivi di sicurezza e per proteggere la trasmissione di contenuti riservati, come ordini o richieste che ci invii come operatore del sito, questo sito utilizza un SSL o. Crittografia TLS. \u00c8 possibile riconoscere una connessione crittografata dal fatto che la riga dell&#039;indirizzo del browser cambia da &quot;http:\/\/&quot; a &quot;https:\/\/&quot; e dal simbolo del lucchetto nella riga del browser.<\/p><p>Se la crittografia SSL o TLS \u00e8 attivata, i dati che ci trasmetti non possono essere letti da terzi.<\/p><p><strong>Informazioni, blocco, cancellazione<\/strong><\/p><p>Nell&#039;ambito delle disposizioni legali applicabili, avete il diritto di ottenere gratuitamente informazioni sui vostri dati personali memorizzati, sulla loro origine e destinatario e sullo scopo del trattamento dei dati e, se necessario, il diritto alla correzione, al blocco o alla cancellazione di questi dati all&#039;indirizzo in qualsiasi momento. Puoi contattarci in qualsiasi momento all&#039;indirizzo indicato nell&#039;impressum se hai ulteriori domande in materia di dati personali.<\/p><p><strong>Obiezione alle mail pubblicitarie<\/strong><\/p><p>Con la presente ci opponiamo all&#039;utilizzo dei dati di contatto pubblicati come parte dell&#039;obbligo di stampa di inviare materiale pubblicitario e informativo non richiesto. I gestori del sito si riservano espressamente il diritto di intraprendere azioni legali in caso di invio di pubblicit\u00e0 non richiesta, come ad esempio e-mail di spam.<\/p><h4>Raccolta dati sul nostro sito web<\/h4><p><strong>File di registro del server<\/strong><\/p><p>Il fornitore delle pagine raccoglie e memorizza automaticamente le informazioni nei cosiddetti file di registro del server, che il browser ci trasmette automaticamente. Questi sono:<\/p><ul><li>Tipo di browser e versione del browser<\/li><li>sistema operativo utilizzato<\/li><li>URL di riferimento<\/li><li>Nome host del computer di accesso<\/li><li>Ora della richiesta del server<\/li><li>indirizzo IP<\/li><\/ul><p>Questi dati non vengono uniti ad altre origini dati.<\/p><p>La base per il trattamento dei dati \u00e8 l&#039;art. 6 capoverso 1 lett. f GDPR, che consente il trattamento dei dati per adempiere a un contratto o a misure precontrattuali.<\/p><p><strong>Modulo di Contatto<\/strong><\/p><p>Se ci invii richieste tramite il modulo di contatto, i tuoi dati dal modulo di richiesta, inclusi i dettagli di contatto che ci hai fornito, verranno archiviati da noi allo scopo di elaborare la richiesta e in caso di domande di follow-up. Non trasmettiamo questi dati senza il tuo consenso.<\/p><p>I dati inseriti nel modulo di contatto vengono pertanto trattati esclusivamente sulla base del vostro consenso (articolo 6 (1) (a) GDPR). Puoi revocare questo consenso in qualsiasi momento. \u00c8 sufficiente un messaggio informale via e-mail. La legalit\u00e0 delle operazioni di trattamento dei dati che hanno avuto luogo fino alla revoca rimane inalterata dalla revoca.<\/p><p>I dati che inserisci nel modulo di contatto rimarranno con noi fino a quando non ci chiederai di cancellarli, revocare il tuo consenso all&#039;archiviazione o lo scopo per l&#039;archiviazione dei dati non \u00e8 pi\u00f9 applicabile (ad esempio dopo che la tua richiesta \u00e8 stata elaborata). Le disposizioni legali obbligatorie, in particolare i periodi di conservazione, rimangono inalterate.<\/p><h4>Newsletter<\/h4><p><strong>Dati della newsletter<\/strong><\/p><p>Se desideri ricevere la newsletter offerta sul sito Web, abbiamo bisogno di un tuo indirizzo e-mail e di informazioni che ci consentano di verificare che sei il proprietario dell&#039;indirizzo e-mail fornito e che accetti di ricevere il notiziario . Ulteriori dati non vengono raccolti o raccolti solo su base volontaria. Utilizziamo questi dati esclusivamente per l&#039;invio delle informazioni richieste e non li trasmettiamo a terzi.<\/p><p>Il trattamento dei dati inseriti nel modulo di registrazione alla newsletter avviene esclusivamente sulla base del vostro consenso (art. 6 cpv. 1 lett. a DSGVO). \u00c8 possibile revocare in qualsiasi momento il consenso alla memorizzazione dei dati, dell&#039;indirizzo e-mail e del loro utilizzo per l&#039;invio della newsletter, ad esempio tramite il link &quot;cancella iscrizione&quot; presente nella newsletter. La legalit\u00e0 delle operazioni di trattamento dei dati che hanno gi\u00e0 avuto luogo rimane inalterata dalla revoca.<\/p><p>I dati che hai memorizzato presso di noi allo scopo di iscriverti alla newsletter saranno da noi archiviati fino a quando non annullerai l&#039;iscrizione alla newsletter e cancellati dopo aver annullato la newsletter. I dati da noi memorizzati per altri scopi (ad es. indirizzi e-mail per l&#039;area membri) rimangono inalterati.<\/p><h4>Biscotti<\/h4><p>Questo sito web utilizza i cookie. Utilizziamo i cookie per personalizzare i contenuti e gli annunci, per fornire funzionalit\u00e0 dei social media e per analizzare il traffico sul nostro sito web. Condividiamo anche informazioni sull&#039;utilizzo del nostro sito Web con i nostri partner di social media, pubblicit\u00e0 e analisi. I nostri partner possono combinare queste informazioni con altri dati che hai fornito loro o che hanno raccolto come parte del tuo utilizzo dei Servizi. Accetti i nostri cookie se continui a utilizzare il nostro sito web.<\/p><p>I cookie sono piccoli file di testo utilizzati dai siti Web per fornire un&#039;esperienza utente pi\u00f9 efficiente.<\/p><p>La legge ci consente di memorizzare i cookie sul tuo dispositivo se sono strettamente necessari per il funzionamento di questo sito. Per tutti gli altri tipi di cookie abbiamo bisogno del tuo permesso.<\/p><p>Questo sito utilizza diversi tipi di cookie. Alcuni cookie vengono inseriti da terze parti che compaiono sui nostri siti.<\/p><p>Puoi modificare o revocare il tuo consenso in qualsiasi momento dalla dichiarazione sui cookie sul nostro sito web.<\/p><p>Scopri di pi\u00f9 su chi siamo, come puoi contattarci e come trattiamo i dati personali nella nostra informativa sulla privacy.<\/p><div id=\"gtx-trans\" style=\"position: absolute; left: 96px; top: 1745.86px;\"><div class=\"gtx-trans-icon\">\u00a0<\/div><\/div>\t\t\t\t\t\t\t\t<\/div>\n\t\t\t\t<\/div>\n\t\t\t\t\t<\/div>\n\t\t<\/div>\n\t\t\t\t\t<\/div>\n\t\t<\/section>\n\t\t\t\t<\/div>","protected":false},"excerpt":{"rendered":"<p>Imprint Data Protection Imprint\u00a0me Information according to \u00a7 5 TMGContact: Weinh\u00fctten 16 91330 EggolsheimTelephone: \u00a0+49 0160-4602-608E-Mail: service@apex-solarenergy.comResponsible for the content according to \u00a7 55 Para. 2 RStVAuthorized to represent: Yu\u00a0ZhenzhenValue added tax identification number (VAT ID No.): DE359025007District Court of Duesseldorf , GermanyDisclaimerLiabilityfor content The content of our website was created with the utmost care.\u00a0However, [&hellip;]<\/p>\n","protected":false},"author":1,"featured_media":0,"parent":0,"menu_order":0,"comment_status":"closed","ping_status":"closed","template":"elementor_theme","meta":{"footnotes":""},"class_list":["post-1742","page","type-page","status-publish","hentry"],"blocksy_meta":[],"_links":{"self":[{"href":"https:\/\/apex-solar.de\/it\/wp-json\/wp\/v2\/pages\/1742","targetHints":{"allow":["GET"]}}],"collection":[{"href":"https:\/\/apex-solar.de\/it\/wp-json\/wp\/v2\/pages"}],"about":[{"href":"https:\/\/apex-solar.de\/it\/wp-json\/wp\/v2\/types\/page"}],"author":[{"embeddable":true,"href":"https:\/\/apex-solar.de\/it\/wp-json\/wp\/v2\/users\/1"}],"replies":[{"embeddable":true,"href":"https:\/\/apex-solar.de\/it\/wp-json\/wp\/v2\/comments?post=1742"}],"version-history":[{"count":33,"href":"https:\/\/apex-solar.de\/it\/wp-json\/wp\/v2\/pages\/1742\/revisions"}],"predecessor-version":[{"id":2865,"href":"https:\/\/apex-solar.de\/it\/wp-json\/wp\/v2\/pages\/1742\/revisions\/2865"}],"wp:attachment":[{"href":"https:\/\/apex-solar.de\/it\/wp-json\/wp\/v2\/media?parent=1742"}],"curies":[{"name":"wp","href":"https:\/\/api.w.org\/{rel}","templated":true}]}}